{"id":1331,"date":"2021-06-27T17:18:17","date_gmt":"2021-06-27T17:18:17","guid":{"rendered":"https:\/\/roxy-mobility.com\/?page_id=1331"},"modified":"2023-04-03T04:30:58","modified_gmt":"2023-04-03T04:30:58","slug":"fees","status":"publish","type":"page","link":"https:\/\/roxy-mobility.com\/en\/fees\/","title":{"rendered":""},"content":{"rendered":"<div data-elementor-type=\"wp-page\" data-elementor-id=\"1331\" class=\"elementor elementor-1331\">\n\t\t\t\t\t\t\t\t\t<section class=\"elementor-section elementor-top-section elementor-element elementor-element-46d3a752 elementor-section-stretched elementor-section-items-stretch elementor-section-content-bottom elementor-section-height-min-height elementor-section-boxed elementor-section-height-default\" data-id=\"46d3a752\" data-element_type=\"section\" data-settings=\"{&quot;stretch_section&quot;:&quot;section-stretched&quot;,&quot;background_background&quot;:&quot;classic&quot;}\">\n\t\t\t\t\t\t\t<div class=\"elementor-background-overlay\"><\/div>\n\t\t\t\t\t\t\t<div class=\"elementor-container elementor-column-gap-no\">\n\t\t\t\t\t<div class=\"elementor-column elementor-col-100 elementor-top-column elementor-element elementor-element-147a1e83\" data-id=\"147a1e83\" data-element_type=\"column\" data-settings=\"{&quot;background_background&quot;:&quot;classic&quot;}\">\n\t\t\t<div class=\"elementor-widget-wrap elementor-element-populated\">\n\t\t\t\t\t<div class=\"elementor-background-overlay\"><\/div>\n\t\t\t\t\t\t\t\t<div class=\"elementor-element elementor-element-511c0161 elementor-invisible elementor-widget elementor-widget-heading\" data-id=\"511c0161\" data-element_type=\"widget\" data-settings=\"{&quot;_animation&quot;:&quot;fadeIn&quot;}\" data-widget_type=\"heading.default\">\n\t\t\t\t<div class=\"elementor-widget-container\">\n\t\t\t<h2 class=\"elementor-heading-title elementor-size-default\">ROXY FEES<\/h2>\t\t<\/div>\n\t\t\t\t<\/div>\n\t\t\t\t\t<\/div>\n\t\t<\/div>\n\t\t\t\t\t\t\t<\/div>\n\t\t<\/section>\n\t\t\t\t<section class=\"elementor-section elementor-top-section elementor-element elementor-element-bc814e7 elementor-section-boxed elementor-section-height-default elementor-section-height-default\" data-id=\"bc814e7\" data-element_type=\"section\">\n\t\t\t\t\t\t<div class=\"elementor-container elementor-column-gap-default\">\n\t\t\t\t\t<div class=\"elementor-column elementor-col-50 elementor-top-column elementor-element elementor-element-de55a0a\" data-id=\"de55a0a\" data-element_type=\"column\">\n\t\t\t<div class=\"elementor-widget-wrap elementor-element-populated\">\n\t\t\t\t\t\t\t\t<div class=\"elementor-element elementor-element-6135fa0 elementor-widget elementor-widget-heading\" data-id=\"6135fa0\" data-element_type=\"widget\" data-widget_type=\"heading.default\">\n\t\t\t\t<div class=\"elementor-widget-container\">\n\t\t\t<h2 class=\"elementor-heading-title elementor-size-default\">\n\n\n1-Tariffs<\/h2>\t\t<\/div>\n\t\t\t\t<\/div>\n\t\t\t\t\t<\/div>\n\t\t<\/div>\n\t\t\t\t<div class=\"elementor-column elementor-col-50 elementor-top-column elementor-element elementor-element-64531bb\" data-id=\"64531bb\" data-element_type=\"column\">\n\t\t\t<div class=\"elementor-widget-wrap\">\n\t\t\t\t\t\t\t\t\t<\/div>\n\t\t<\/div>\n\t\t\t\t\t\t\t<\/div>\n\t\t<\/section>\n\t\t\t\t<section class=\"elementor-section elementor-top-section elementor-element elementor-element-0d4afc7 elementor-section-boxed elementor-section-height-default elementor-section-height-default\" data-id=\"0d4afc7\" data-element_type=\"section\">\n\t\t\t\t\t\t<div class=\"elementor-container elementor-column-gap-default\">\n\t\t\t\t\t<div class=\"elementor-column elementor-col-100 elementor-top-column elementor-element elementor-element-9f3c42b\" data-id=\"9f3c42b\" data-element_type=\"column\">\n\t\t\t<div class=\"elementor-widget-wrap elementor-element-populated\">\n\t\t\t\t\t\t\t\t<div class=\"elementor-element elementor-element-30730fd pp-table-center elementor-widget elementor-widget-pp-table\" data-id=\"30730fd\" data-element_type=\"widget\" data-settings=\"{&quot;table_type&quot;:&quot;responsive&quot;}\" data-widget_type=\"pp-table.default\">\n\t\t\t\t<div class=\"elementor-widget-container\">\n\t\t\t\t\t<div class=\"pp-table-container\">\n\t\t\t<table \n\t\t\tclass=\"pp-table tablesaw\" data-tablesaw-mode=\"stack\"\t\t\t\t>\n\t\t\t\t\t\t\t<colgroup>\n\t\t\t\t\t\t\t\t<col\n\t\t\t\t\tspan=\"1\"\n\t\t\t\t\tclass=\"elementor-repeater-item-d266985\"\n\t\t\t\t\t\t\t\t\t\t\tstyle=\"\t\t\t\t\t\t\t\t\t\t\t\t\t\t\t\t\t\t\t\t\"\n\t\t\t\t\t\t\t\t\t\t>\n\t\t\t\t\t\t\t<\/colgroup>\n\t\t\t\t\t\t<thead>\n\t\t\t\t<tr class=\"pp-table-row\">\n\t\t\t\t\t<th class=\"pp-table-cell pp-table-cell-21cb5a5\"><span class=\"pp-table-cell-content\"><span class=\"pp-table-cell-text\">List of fees for Roxy Services<\/span><\/span><\/th><th class=\"pp-table-cell pp-table-cell-c2b515d\"><span class=\"pp-table-cell-content\"><span class=\"pp-table-cell-text\">Cost<\/span><\/span><\/th>\t\t\t\t<\/tr>\n\t\t\t<\/thead>\n\t\t\t\t\t<tfoot>\n\t\t\t<\/tr>\t\t<\/tfoot>\n\t\t\t\t<tbody>\n\t\t\t<tr><td class=\"pp-table-cell pp-table-cell-2590e1a\"><span class=\"pp-table-cell-content\"><span class=\"pp-table-cell-text\">One-time registration fee<\/span><\/span><\/td><td class=\"pp-table-cell pp-table-cell-ba74e69\"><span class=\"pp-table-cell-content\"><span class=\"pp-table-cell-text\">0\u20ac<\/span><\/span><\/td><\/tr><tr><td class=\"pp-table-cell pp-table-cell-6f19900\"><span class=\"pp-table-cell-content\"><span class=\"pp-table-cell-text\">Annual credit on presentation of an annual pass from the resident Public transport (sending by email is sufficient)<\/span><\/span><\/td><td class=\"pp-table-cell pp-table-cell-516a838\"><span class=\"pp-table-cell-content\"><span class=\"pp-table-cell-text\">--<\/span><\/span><\/td><\/tr><tr><td class=\"pp-table-cell pp-table-cell-64dcaef\"><span class=\"pp-table-cell-content\"><span class=\"pp-table-cell-text\">Price for activation and first minute<\/span><\/span><\/td><td class=\"pp-table-cell pp-table-cell-f9e47ce\"><span class=\"pp-table-cell-content\"><span class=\"pp-table-cell-text\">1.19\u20ac<\/span><\/span><\/td><\/tr><tr><td class=\"pp-table-cell pp-table-cell-2e02051\"><span class=\"pp-table-cell-content\"><span class=\"pp-table-cell-text\">Amount per minute<\/span><\/span><\/td><td class=\"pp-table-cell pp-table-cell-f46e02f\"><span class=\"pp-table-cell-content\"><span class=\"pp-table-cell-text\">0,20\u20ac<\/span><\/span><\/td><\/tr><tr><\/tr>\t\t<\/tbody>\n\t\t\t\t\t<\/table>\n\t\t<\/div>\n\t\t\t\t<\/div>\n\t\t\t\t<\/div>\n\t\t\t\t\t<\/div>\n\t\t<\/div>\n\t\t\t\t\t\t\t<\/div>\n\t\t<\/section>\n\t\t\t\t<section class=\"elementor-section elementor-top-section elementor-element elementor-element-2bc76b3 elementor-section-boxed elementor-section-height-default elementor-section-height-default\" data-id=\"2bc76b3\" data-element_type=\"section\">\n\t\t\t\t\t\t<div class=\"elementor-container elementor-column-gap-default\">\n\t\t\t\t\t<div class=\"elementor-column elementor-col-100 elementor-top-column elementor-element elementor-element-2f3637d\" data-id=\"2f3637d\" data-element_type=\"column\">\n\t\t\t<div class=\"elementor-widget-wrap\">\n\t\t\t\t\t\t\t\t\t<\/div>\n\t\t<\/div>\n\t\t\t\t\t\t\t<\/div>\n\t\t<\/section>\n\t\t\t\t<section class=\"elementor-section elementor-top-section elementor-element elementor-element-0968a79 elementor-section-boxed elementor-section-height-default elementor-section-height-default\" data-id=\"0968a79\" data-element_type=\"section\">\n\t\t\t\t\t\t<div class=\"elementor-container elementor-column-gap-default\">\n\t\t\t\t\t<div class=\"elementor-column elementor-col-100 elementor-top-column elementor-element elementor-element-467f2bb\" data-id=\"467f2bb\" data-element_type=\"column\">\n\t\t\t<div class=\"elementor-widget-wrap elementor-element-populated\">\n\t\t\t\t\t\t\t\t<div class=\"elementor-element elementor-element-262369e elementor-widget elementor-widget-heading\" data-id=\"262369e\" data-element_type=\"widget\" data-widget_type=\"heading.default\">\n\t\t\t\t<div class=\"elementor-widget-container\">\n\t\t\t<h2 class=\"elementor-heading-title elementor-size-default\">2-Additional fees<\/h2>\t\t<\/div>\n\t\t\t\t<\/div>\n\t\t\t\t\t<\/div>\n\t\t<\/div>\n\t\t\t\t\t\t\t<\/div>\n\t\t<\/section>\n\t\t\t\t<section class=\"elementor-section elementor-top-section elementor-element elementor-element-b59f7b5 elementor-section-boxed elementor-section-height-default elementor-section-height-default\" data-id=\"b59f7b5\" data-element_type=\"section\">\n\t\t\t\t\t\t<div class=\"elementor-container elementor-column-gap-default\">\n\t\t\t\t\t<div class=\"elementor-column elementor-col-100 elementor-top-column elementor-element elementor-element-d99e2ec\" data-id=\"d99e2ec\" data-element_type=\"column\">\n\t\t\t<div class=\"elementor-widget-wrap elementor-element-populated\">\n\t\t\t\t\t\t\t\t<div class=\"elementor-element elementor-element-6d7eaf7 pp-table-center elementor-widget elementor-widget-pp-table\" data-id=\"6d7eaf7\" data-element_type=\"widget\" data-settings=\"{&quot;table_type&quot;:&quot;responsive&quot;,&quot;scrollable&quot;:&quot;no&quot;}\" data-widget_type=\"pp-table.default\">\n\t\t\t\t<div class=\"elementor-widget-container\">\n\t\t\t\t\t<div class=\"pp-table-container\">\n\t\t\t<table \n\t\t\tclass=\"pp-table tablesaw\" data-tablesaw-mode=\"stack\"\t\t\t\t>\n\t\t\t\t\t\t\t<colgroup>\n\t\t\t\t\t\t\t\t<col\n\t\t\t\t\tspan=\"1\"\n\t\t\t\t\tclass=\"elementor-repeater-item-8fcd6eb\"\n\t\t\t\t\t\t\t\t\t\t\tstyle=\"\t\t\t\t\t\t\t\t\t\t\t\t\t\t\t\t\t\t\t\t\"\n\t\t\t\t\t\t\t\t\t\t>\n\t\t\t\t\t\t\t<\/colgroup>\n\t\t\t\t\t\t<thead>\n\t\t\t\t<tr class=\"pp-table-row\">\n\t\t\t\t\t<th class=\"pp-table-cell pp-table-cell-fd91da9\"><span class=\"pp-table-cell-content\"><span class=\"pp-table-cell-text\">List of additional fees for Roxy Services<\/span><\/span><\/th><th class=\"pp-table-cell pp-table-cell-36aec34\"><span class=\"pp-table-cell-content\"><span class=\"pp-table-cell-text\">Cost<\/span><\/span><\/th>\t\t\t\t<\/tr>\n\t\t\t<\/thead>\n\t\t\t\t\t<tfoot>\n\t\t\t<\/tr>\t\t<\/tfoot>\n\t\t\t\t<tbody>\n\t\t\t<tr><td class=\"pp-table-cell pp-table-cell-8e87f74\"><span class=\"pp-table-cell-content\"><span class=\"pp-table-cell-text\">Illegal use and parking outside the associated usage areas<\/span><\/span><\/td><td class=\"pp-table-cell pp-table-cell-ac73770\"><span class=\"pp-table-cell-content\"><span class=\"pp-table-cell-text\">25\u20ac<\/span><\/span><\/td><\/tr><tr><td class=\"pp-table-cell pp-table-cell-10f04b0\"><span class=\"pp-table-cell-content\"><span class=\"pp-table-cell-text\">Special cases: criminally relevant facts, contractual penalty, driving without a valid rental contract including the provisions of the e-scooters or the transfer of the customer login data to unauthorized persons<\/span><\/span><\/td><td class=\"pp-table-cell pp-table-cell-a554e11\"><span class=\"pp-table-cell-content\"><span class=\"pp-table-cell-text\">250\u20ac<\/span><\/span><\/td><\/tr><tr><td class=\"pp-table-cell pp-table-cell-02cfe0e\"><span class=\"pp-table-cell-content\"><span class=\"pp-table-cell-text\">Processing of administrative offences, traffic offences, warning fees<\/span><\/span><\/td><td class=\"pp-table-cell pp-table-cell-223a7be\"><span class=\"pp-table-cell-content\"><span class=\"pp-table-cell-text\">10\u20ac<\/span><\/span><\/td><\/tr><tr><td class=\"pp-table-cell pp-table-cell-d25cd38\"><span class=\"pp-table-cell-content\"><span class=\"pp-table-cell-text\">Charging of third party-invoices caused by customer fault (towing operations, etc.)<\/span><\/span><\/td><td class=\"pp-table-cell pp-table-cell-b2848ea\"><span class=\"pp-table-cell-content\"><span class=\"pp-table-cell-text\">depending on the invoiced amount<\/span><\/span><\/td><\/tr><tr><td class=\"pp-table-cell pp-table-cell-44edf6a\"><span class=\"pp-table-cell-content\"><span class=\"pp-table-cell-text\">Re-parking of an illegally parked e-scooter<\/span><\/span><\/td><td class=\"pp-table-cell pp-table-cell-9ecfe0f\"><span class=\"pp-table-cell-content\"><span class=\"pp-table-cell-text\">up to 50\u20ac (depending on effort)<\/span><\/span><\/td><\/tr><tr><td class=\"pp-table-cell pp-table-cell-aef88c7\"><span class=\"pp-table-cell-content\"><span class=\"pp-table-cell-text\">Service journey if the customer is at fault \/ Travel cost cap for incorrectly finished journeys<\/span><\/span><\/td><td class=\"pp-table-cell pp-table-cell-abe84e1\"><span class=\"pp-table-cell-content\"><span class=\"pp-table-cell-text\">Up to 50\u20ac <\/span><\/span><\/td><\/tr><tr><td class=\"pp-table-cell pp-table-cell-bc5aadc\"><span class=\"pp-table-cell-content\"><span class=\"pp-table-cell-text\">Special cleaning \/ repair of the vehicle due to a violation<\/span><\/span><\/td><td class=\"pp-table-cell pp-table-cell-e678955\"><span class=\"pp-table-cell-content\"><span class=\"pp-table-cell-text\">Up to 50\u20ac \n<\/span><\/span><\/td><\/tr><tr><td class=\"pp-table-cell pp-table-cell-6fadc8d\"><span class=\"pp-table-cell-content\"><span class=\"pp-table-cell-text\">Loss or destruction of the battery through customer fault<\/span><\/span><\/td><td class=\"pp-table-cell pp-table-cell-e6072ad\"><span class=\"pp-table-cell-content\"><span class=\"pp-table-cell-text\">350\u20ac<\/span><\/span><\/td><\/tr><tr><td class=\"pp-table-cell pp-table-cell-c52372a\"><span class=\"pp-table-cell-content\"><span class=\"pp-table-cell-text\">Loss or destruction of the e-scooter through customer fault<\/span><\/span><\/td><td class=\"pp-table-cell pp-table-cell-5742f9c\"><span class=\"pp-table-cell-content\"><span class=\"pp-table-cell-text\">700\u20ac<\/span><\/span><\/td><\/tr><tr><td class=\"pp-table-cell pp-table-cell-df30e00\"><span class=\"pp-table-cell-content\"><span class=\"pp-table-cell-text\">Unlocking the user account<\/span><\/span><\/td><td class=\"pp-table-cell pp-table-cell-5823901\"><span class=\"pp-table-cell-content\"><span class=\"pp-table-cell-text\">--<\/span><\/span><\/td><\/tr><tr><td class=\"pp-table-cell pp-table-cell-14dbf3b\"><span class=\"pp-table-cell-content\"><span class=\"pp-table-cell-text\">Bank processing fees in the event of a decline in direct debt<\/span><\/span><\/td><td class=\"pp-table-cell pp-table-cell-1e73413\"><span class=\"pp-table-cell-content\"><span class=\"pp-table-cell-text\">--<\/span><\/span><\/td><\/tr>\t\t<\/tbody>\n\t\t\t\t\t<\/table>\n\t\t<\/div>\n\t\t\t\t<\/div>\n\t\t\t\t<\/div>\n\t\t\t\t\t<\/div>\n\t\t<\/div>\n\t\t\t\t\t\t\t<\/div>\n\t\t<\/section>\n\t\t\t\t\t\t\t<\/div>","protected":false},"excerpt":{"rendered":"<p>ROXY GEB\u00dcHREN 1-Tarife Geb\u00fchrenliste f\u00fcr Roxy-Dienste Kosten Einmalige Registrierungsgeb\u00fchr 0\u20ac Jahresguthaben bei Vorlage einer Jahreskarte des ortsans\u00e4ssigen \u00d6PNV (Zusendung per E-Mail gen\u00fcgt) &#8212; Preis f\u00fcr Freischaltung und erste Minute 1.19\u20ac Betrag pro Minute 0,20\u20ac 2-Zus\u00e4tzliche Geb\u00fchren Liste der zus\u00e4tzlichen Geb\u00fchren f\u00fcr Roxy-Dienste Kosten Widerrechtliche Nutzung und Parken au\u00dferhalb der zugeordneten Nutzungsbereiche 25\u20ac Sonderf\u00e4lle: strafrechtlich relevante [&hellip;]<\/p>\n","protected":false},"author":1,"featured_media":0,"parent":0,"menu_order":0,"comment_status":"closed","ping_status":"closed","template":"","meta":{"footnotes":""},"class_list":["post-1331","page","type-page","status-publish","hentry"],"_links":{"self":[{"href":"https:\/\/roxy-mobility.com\/en\/wp-json\/wp\/v2\/pages\/1331","targetHints":{"allow":["GET"]}}],"collection":[{"href":"https:\/\/roxy-mobility.com\/en\/wp-json\/wp\/v2\/pages"}],"about":[{"href":"https:\/\/roxy-mobility.com\/en\/wp-json\/wp\/v2\/types\/page"}],"author":[{"embeddable":true,"href":"https:\/\/roxy-mobility.com\/en\/wp-json\/wp\/v2\/users\/1"}],"replies":[{"embeddable":true,"href":"https:\/\/roxy-mobility.com\/en\/wp-json\/wp\/v2\/comments?post=1331"}],"version-history":[{"count":78,"href":"https:\/\/roxy-mobility.com\/en\/wp-json\/wp\/v2\/pages\/1331\/revisions"}],"predecessor-version":[{"id":3446,"href":"https:\/\/roxy-mobility.com\/en\/wp-json\/wp\/v2\/pages\/1331\/revisions\/3446"}],"wp:attachment":[{"href":"https:\/\/roxy-mobility.com\/en\/wp-json\/wp\/v2\/media?parent=1331"}],"curies":[{"name":"wp","href":"https:\/\/api.w.org\/{rel}","templated":true}]}}